{"id":1020,"date":"2016-11-28T20:40:28","date_gmt":"2016-11-28T20:40:28","guid":{"rendered":"https:\/\/hdden.net\/es\/?page_id=1020"},"modified":"2018-11-05T18:15:24","modified_gmt":"2018-11-05T18:15:24","slug":"terminos-y-condiciones","status":"publish","type":"page","link":"https:\/\/hdden.net\/es\/terminos-y-condiciones\/","title":{"rendered":"T\u00e9rminos y Condiciones"},"content":{"rendered":"<p>Valoramos altamente la tolerancia, la transparencia, la franqueza y la honestidad. Al mismo tiempo, la discreci\u00f3n y la confianza tambi\u00e9n son muy importantes para nosotros.<\/p>\n<p>Tenemos algunas reglas de las que nos gustar\u00eda informarle:<\/p>\n<p><strong>Equipo<\/strong><br \/>\nEl equipo s\u00f3lo es adecuado para personas con un m\u00e1ximo de 120 kg. Si se ocasionan da\u00f1os personales o en el equipo por el uso de personas con un peso superior al permitido, los hu\u00e9spedes ser\u00e1n responsables de los mismos. \u00abHidden\u00bb les ofrece algunos juguetes para jugar. Por favor traiga sus propios juguetes personales como cuerdas, gags, pinzas o juguetes de penetraci\u00f3n por razones de higiene.<\/p>\n<p><strong>Discreci\u00f3n<\/strong><br \/>\nPor razones de discreci\u00f3n para nuestros vecinos y tambi\u00e9n para futuros hu\u00e9spedes, les recordamos que entrar y salir de la casa s\u00f3lo est\u00e1 permitido con ropa de calle . Gracias por su comprensi\u00f3n en este asunto.<\/p>\n<p><strong>Invitados<\/strong><br \/>\nUn cambio de pareja, personas adicionales y visitantes (incluso aquellos que no pasan la noche) no est\u00e1n permitidos. Los hu\u00e9spedes no registrados deber\u00e1n pagar 100 \u20ac por d\u00eda.<\/p>\n<p><strong>Pr\u00e1cticas<\/strong><br \/>\nLa seguridad y la higiene tienen una alta prioridad para nosotros y nuestros futuros hu\u00e9spedes. Tengan en cuenta que de forma estricta, no se permite los juegos h\u00famedos (orina), Coprofilia (normalmente conocidos como scat o caviar) y cualquier persona que ingrese al apartamento menor de 18 a\u00f1os. \u00a1La no adherencia a estas condiciones resultar\u00e1 en una penalizaci\u00f3n de 200 \u20ac y no es negociable!<\/p>\n<p><strong>Fotos y pel\u00edculas<\/strong><br \/>\nFotos y pel\u00edculas para su uso privado son, por supuesto, posibles. Si publica sus fotos y pel\u00edculas privadas, nos complacer\u00e1 escuchar acerca de Hdden Mallorca o vincular nuestro sitio web. Las grabaciones comerciales pueden realizarse s\u00f3lo despu\u00e9s de consultar con nosotros.<\/p>\n<p><strong>Check in<\/strong><br \/>\nEl registro se realizar\u00e1 a partir de  las 18:00 de forma puntual en el d\u00eda de su llegada reservada. No somos un hotel con un mostrador de recepci\u00f3n permanente, por lo tanto, cualquier desviaci\u00f3n de la hora de llegada se asocia con gastos adicionales de nuestro personal y s\u00f3lo puede ser confirmada a trav\u00e9s de la comunicaci\u00f3n previa (correo electr\u00f3nico) con nosotros (consulte el punto \u00abLimpieza\u00bb . Un retraso en el check-in causa un tiempo adicional y un esfuerzo extra para nuestro personal de chequeo o en algunos casos, incluso un segundo viaje con un retraso de tiempo extra de 1 hora y media. Un retraso y una tasa posterior de 50 \u20ac se facturar\u00e1 a los hu\u00e9spedes y puede conducir a un check in mucho m\u00e1s tarde re-programado en el tiempo para el hu\u00e9sped en funci\u00f3n de cada situaci\u00f3n individual. Esto tambi\u00e9n se aplica para cualquier cambio en el horario del check in que haya sido acordado previamente con los anfitriones (por ejemplo, check-in tard\u00edo o temprano).<\/p>\n<p><strong>Check-Out \/ Limpieza<\/strong><br \/>\nCheck-Out es a las 12:00. Debido a nuestra minuciosa limpieza final, un check-out tard\u00edo, as\u00ed como un check-in temprano s\u00f3lo est\u00e1 disponible con previa consulta y comunicaci\u00f3n con nosotros. Por favor, tenga esto en cuenta al planificar su llegada y salida. Por estas mismas razones, no podemos confirmar un check-out tard\u00edo durante su estancia, como mucho un d\u00eda antes de su llegada.<\/p>\n<p><strong>Dep\u00f3sito de seguridad<\/strong><br \/>\nEl dep\u00f3sito de seguridad asciende a 600 euros y debe pagarse en efectivo a la entrega de llaves. El dep\u00f3sito de seguridad ser\u00e1 reembolsado en el check-out, una vez revisado el estado de la casa.<\/p>\n<p><strong>Cancelaciones<\/strong><br \/>\nEn el caso desafortunado que tenga que cancelar su estancia, tenga en cuenta que se aplicar\u00e1n los siguientes gastos de cancelaci\u00f3n:<\/p>\n<p>Con una cancelaci\u00f3n de m\u00e1s de 12 semanas antes de la fecha de llegada los gastos de cancelaci\u00f3n ser\u00e1n del 0%, despues los gastos de cancelaci\u00f3n ser\u00e1n del 100%.<\/p>\n<p>A veces, la vida se interpone en el camino de nuestros planes a trav\u00e9s de terceros o enfermedad, por lo tanto, el seguro de cancelaci\u00f3n es recomendable. Con el fin de cubrir los gastos de cancelaci\u00f3n, existen una serie de agencias de seguros en l\u00ednea con ofertas de bajo costo que se especializan en seguros de cancelaci\u00f3n.<\/p>\n<p>La cancelaci\u00f3n se enviar\u00e1 por correo electr\u00f3nico a (<a href=\"mailto:info@hdden.net\" target=\"_blank\">info@hdden.net<\/a>) desde la cuenta de correo electr\u00f3nico desde la que se realiz\u00f3 la solicitud de reserva. Incluya su nombre, n\u00famero de identificaci\u00f3n de reserva y las fechas de su reserva. Nos reservamos el derecho de cancelar cualquier reserva actual por una raz\u00f3n especial, por ejemplo, Inundaciones o incendio, insolvencia u otros motivos de causa mayor. En caso de tal situaci\u00f3n especial, el hu\u00e9sped naturalmente ser\u00e1 reembolsado el pago por las fechas canceladas.<\/p>\n","protected":false},"excerpt":{"rendered":"<p>Valoramos altamente la tolerancia, la transparencia, la franqueza y la honestidad. Al mismo tiempo, la discreci\u00f3n y la confianza tambi\u00e9n son muy importantes para nosotros. Tenemos algunas reglas de las que nos gustar\u00eda informarle: Equipo El equipo s\u00f3lo es adecuado para personas con un m\u00e1ximo de 120 kg. Si se ocasionan da\u00f1os personales o en [&hellip;]<\/p>\n","protected":false},"author":1,"featured_media":0,"parent":0,"menu_order":0,"comment_status":"closed","ping_status":"closed","template":"","meta":{"footnotes":""},"class_list":["post-1020","page","type-page","status-publish","hentry"],"_links":{"self":[{"href":"https:\/\/hdden.net\/es\/wp-json\/wp\/v2\/pages\/1020","targetHints":{"allow":["GET"]}}],"collection":[{"href":"https:\/\/hdden.net\/es\/wp-json\/wp\/v2\/pages"}],"about":[{"href":"https:\/\/hdden.net\/es\/wp-json\/wp\/v2\/types\/page"}],"author":[{"embeddable":true,"href":"https:\/\/hdden.net\/es\/wp-json\/wp\/v2\/users\/1"}],"replies":[{"embeddable":true,"href":"https:\/\/hdden.net\/es\/wp-json\/wp\/v2\/comments?post=1020"}],"version-history":[{"count":10,"href":"https:\/\/hdden.net\/es\/wp-json\/wp\/v2\/pages\/1020\/revisions"}],"predecessor-version":[{"id":2226,"href":"https:\/\/hdden.net\/es\/wp-json\/wp\/v2\/pages\/1020\/revisions\/2226"}],"wp:attachment":[{"href":"https:\/\/hdden.net\/es\/wp-json\/wp\/v2\/media?parent=1020"}],"curies":[{"name":"wp","href":"https:\/\/api.w.org\/{rel}","templated":true}]}}