{"id":972,"date":"2016-12-08T18:14:49","date_gmt":"2016-12-08T18:14:49","guid":{"rendered":"https:\/\/hdden.net\/de\/?page_id=972"},"modified":"2021-03-28T12:51:15","modified_gmt":"2021-03-28T12:51:15","slug":"faq","status":"publish","type":"page","link":"https:\/\/hdden.net\/de\/faq\/","title":{"rendered":"FAQ"},"content":{"rendered":"\n<style type=\"text\/css\" data-created_by=\"avia_inline_auto\" id=\"style-css-av-av_heading-4bdcbd64bb019bd4809a52ec0e19e29a\">\n#top .av-special-heading.av-av_heading-4bdcbd64bb019bd4809a52ec0e19e29a{\npadding-bottom:10px;\n}\nbody .av-special-heading.av-av_heading-4bdcbd64bb019bd4809a52ec0e19e29a .av-special-heading-tag .heading-char{\nfont-size:25px;\n}\n.av-special-heading.av-av_heading-4bdcbd64bb019bd4809a52ec0e19e29a .av-subheading{\nfont-size:15px;\n}\n<\/style>\n<div  class='av-special-heading av-av_heading-4bdcbd64bb019bd4809a52ec0e19e29a av-special-heading-h3  avia-builder-el-0  el_before_av_iconlist  avia-builder-el-first '><h3 class='av-special-heading-tag '  itemprop=\"headline\"  >Oft gestellte Fragen<\/h3><div class=\"special-heading-border\"><div class=\"special-heading-inner-border\"><\/div><\/div><\/div>\n\n<style type=\"text\/css\" data-created_by=\"avia_inline_auto\" id=\"style-css-av-jo4env0p-c294426f29ef4c89a09970241c19c524\">\n#top .avia-icon-list-container.av-jo4env0p-c294426f29ef4c89a09970241c19c524 .iconlist_icon{\nbackground-color:#0a0000;\n}\n<\/style>\n<div  class='avia-icon-list-container av-jo4env0p-c294426f29ef4c89a09970241c19c524  avia-builder-el-1  el_after_av_heading  el_before_av_textblock '><ul class='avia-icon-list avia_animate_when_almost_visible avia-icon-list-left av-iconlist-big av-jo4env0p-c294426f29ef4c89a09970241c19c524 avia-iconlist-animate'>\n<li><div class='iconlist_icon av-av_iconlist_item-a3c9e52103ae646d0e89048cea53fa52 avia-font-light_ avia-iconfont avia-font-light_'><span class='av-icon-char' data-av_icon='' data-av_iconfont='light_' aria-hidden=\"true\"><\/span><\/div><article class=\"article-icon-entry \"  itemscope=\"itemscope\" itemtype=\"https:\/\/schema.org\/CreativeWork\" ><div class=\"iconlist_content_wrap\"><header class=\"entry-content-header\" aria-label=\"Icon: Wie gro\u00df ist das Haus?\"><h4 class='av_iconlist_title iconlist_title  '  itemprop=\"headline\" >Wie gro\u00df ist das Haus?<\/h4><\/header><div class='iconlist_content '  itemprop=\"text\" ><p>Das Haus hat ca. 100qm auf 2 Etagen<\/p>\n<\/div><\/div><footer class=\"entry-footer\"><\/footer><\/article><div class=\"iconlist-timeline\"><\/div><\/li>\n<li><div class='iconlist_icon av-av_iconlist_item-88c8a89d6ba7669c61be8855d32a3dde avia-font-light_ avia-iconfont avia-font-light_'><span class='av-icon-char' data-av_icon='' data-av_iconfont='light_' aria-hidden=\"true\"><\/span><\/div><article class=\"article-icon-entry \"  itemscope=\"itemscope\" itemtype=\"https:\/\/schema.org\/CreativeWork\" ><div class=\"iconlist_content_wrap\"><header class=\"entry-content-header\" aria-label=\"Icon: Wie viele R\u00e4ume und Spielm\u00f6glichkeiten hat das Haus?\"><h4 class='av_iconlist_title iconlist_title  '  itemprop=\"headline\" >Wie viele R\u00e4ume und Spielm\u00f6glichkeiten hat das Haus?<\/h4><\/header><div class='iconlist_content '  itemprop=\"text\" ><p>Das Haus hat 2 Etagen, ingesamt 4 R\u00e4ume und Bad:<br \/>\nObergeschoss:<\/p>\n<ul>\n<li>1 Schlafzimmer mit King-Size Doppelbett und Stahlkubus<\/li>\n<li>1 Schlafzimmer mit 2 Einzelbetten und Strafbock<\/li>\n<li>Bad mit Dusche<\/li>\n<\/ul>\n<p>Erdgeschoss:<\/p>\n<ul>\n<li>Wohnzimmer mit Andreaskreuz, K\u00e4fig, Sklavenstuhl, Shibari-Ring, (Schlaf)Sofa und einer kleinen Auswahl an SM Spielzeug (Peitschen, Fesseln, Klammern)<\/li>\n<li>K\u00fcche mit Herd, Backofen, Mikrowelle, Kaffeemaschine, Waschmaschine, Esstisch<\/li>\n<li>Garten mit Sonnensegel, 2 Liegen und Grillplatz<\/li>\n<\/ul>\n<\/div><\/div><footer class=\"entry-footer\"><\/footer><\/article><div class=\"iconlist-timeline\"><\/div><\/li>\n<li><div class='iconlist_icon av-av_iconlist_item-cf2602e6b2cb9efeff5047df4d81d75d avia-font-light_ avia-iconfont avia-font-light_'><span class='av-icon-char' data-av_icon='' data-av_iconfont='light_' aria-hidden=\"true\"><\/span><\/div><article class=\"article-icon-entry \"  itemscope=\"itemscope\" itemtype=\"https:\/\/schema.org\/CreativeWork\" ><div class=\"iconlist_content_wrap\"><header class=\"entry-content-header\" aria-label=\"Icon: Wie weit ist es bis zum n\u00e4chsten Einkaufsladen, Restaurant?\"><h4 class='av_iconlist_title iconlist_title  '  itemprop=\"headline\" >Wie weit ist es bis zum n\u00e4chsten Einkaufsladen, Restaurant?<\/h4><\/header><div class='iconlist_content '  itemprop=\"text\" ><p>Es gibt mehrere Restaurants in der N\u00e4he.<\/a>.<\/p>\n<p>Ein kleiner, aber gut sortierter Supermarkt ist ca 350 Meter entfernt.<\/p>\n<\/div><\/div><footer class=\"entry-footer\"><\/footer><\/article><div class=\"iconlist-timeline\"><\/div><\/li>\n<li><div class='iconlist_icon av-av_iconlist_item-dc019e3b5d7206a2841cb4be6e24c714 avia-font-light_ avia-iconfont avia-font-light_'><span class='av-icon-char' data-av_icon='' data-av_iconfont='light_' aria-hidden=\"true\"><\/span><\/div><article class=\"article-icon-entry \"  itemscope=\"itemscope\" itemtype=\"https:\/\/schema.org\/CreativeWork\" ><div class=\"iconlist_content_wrap\"><header class=\"entry-content-header\" aria-label=\"Icon: Gibt es Mitbewohner im Haus?\"><h4 class='av_iconlist_title iconlist_title  '  itemprop=\"headline\" >Gibt es Mitbewohner im Haus?<\/h4><\/header><div class='iconlist_content '  itemprop=\"text\" ><p>Nein, das gesamte Haus wird vermietet.<\/p>\n<\/div><\/div><footer class=\"entry-footer\"><\/footer><\/article><div class=\"iconlist-timeline\"><\/div><\/li>\n<li><div class='iconlist_icon av-av_iconlist_item-043c6ff5b2d4b9a6600a0925a7c39e5c avia-font-entypo-fontello avia-iconfont avia-font-entypo-fontello'><span class='av-icon-char' data-av_icon='\ue8a7' data-av_iconfont='entypo-fontello' aria-hidden=\"true\"><\/span><\/div><article class=\"article-icon-entry \"  itemscope=\"itemscope\" itemtype=\"https:\/\/schema.org\/CreativeWork\" ><div class=\"iconlist_content_wrap\"><header class=\"entry-content-header\" aria-label=\"Icon: Gibt es WLAN?\"><h4 class='av_iconlist_title iconlist_title  '  itemprop=\"headline\" >Gibt es WLAN?<\/h4><\/header><div class='iconlist_content '  itemprop=\"text\" ><p>WLAN ist gratis verf\u00fcgbar.<\/p>\n<\/div><\/div><footer class=\"entry-footer\"><\/footer><\/article><div class=\"iconlist-timeline\"><\/div><\/li>\n<li><div class='iconlist_icon av-av_iconlist_item-0e7274e0f4babf80d92995c90f166968 avia-font-entypo-fontello avia-iconfont avia-font-entypo-fontello'><span class='av-icon-char' data-av_icon='\ue801' data-av_iconfont='entypo-fontello' aria-hidden=\"true\"><\/span><\/div><article class=\"article-icon-entry \"  itemscope=\"itemscope\" itemtype=\"https:\/\/schema.org\/CreativeWork\" ><div class=\"iconlist_content_wrap\"><header class=\"entry-content-header\" aria-label=\"Icon: Gibt es die M\u00f6glichkeit vom Handy Musik abzuspielen? Was ist mit dem TV?\"><h4 class='av_iconlist_title iconlist_title  '  itemprop=\"headline\" >Gibt es die M\u00f6glichkeit vom Handy Musik abzuspielen? Was ist mit dem TV?<\/h4><\/header><div class='iconlist_content '  itemprop=\"text\" ><p>Wir haben ein High-End Sonos Audio System im Haus installiert, das Millionen von Songs per Spotify zur Verf\u00fcgung stellt. Eigene Musik vom Handy kann per Bluetooth auf einem transportablen Lautsprecher abgespielt werden.<\/p>\n<p>Das TV zeigt lokale Sender und hat einen Google Chromecast, so da\u00df Ihr eigene Inhalte von Eurem Handy sowie YouTube oder Netflix schauen k\u00f6nnten. Es ist au\u00dferdem eine Auswahl an ausgew\u00e4hlten BDSM Filmen und Shibari Tutorials verf\u00fcgbar.<\/p>\n<\/div><\/div><footer class=\"entry-footer\"><\/footer><\/article><div class=\"iconlist-timeline\"><\/div><\/li>\n<li><div class='iconlist_icon av-av_iconlist_item-a5cd6245dd4dbf090d01b46b3ad90147 avia-font-light_ avia-iconfont avia-font-light_'><span class='av-icon-char' data-av_icon='' data-av_iconfont='light_' aria-hidden=\"true\"><\/span><\/div><article class=\"article-icon-entry \"  itemscope=\"itemscope\" itemtype=\"https:\/\/schema.org\/CreativeWork\" ><div class=\"iconlist_content_wrap\"><header class=\"entry-content-header\" aria-label=\"Icon: Darf man rauchen?\"><h4 class='av_iconlist_title iconlist_title  '  itemprop=\"headline\" >Darf man rauchen?<\/h4><\/header><div class='iconlist_content '  itemprop=\"text\" ><p>Ja.<\/p>\n<\/div><\/div><footer class=\"entry-footer\"><\/footer><\/article><div class=\"iconlist-timeline\"><\/div><\/li>\n<li><div class='iconlist_icon av-av_iconlist_item-2b72c0057a7924e037d9d6a35bea8c5e avia-font-light_ avia-iconfont avia-font-light_'><span class='av-icon-char' data-av_icon='' data-av_iconfont='light_' aria-hidden=\"true\"><\/span><\/div><article class=\"article-icon-entry \"  itemscope=\"itemscope\" itemtype=\"https:\/\/schema.org\/CreativeWork\" ><div class=\"iconlist_content_wrap\"><header class=\"entry-content-header\" aria-label=\"Icon: Kann man drau\u00dfen spielen, bzw. ohne Kleidung sich drau\u00dfen aufhalten?\"><h4 class='av_iconlist_title iconlist_title  '  itemprop=\"headline\" >Kann man drau\u00dfen spielen, bzw. ohne Kleidung sich drau\u00dfen aufhalten?<\/h4><\/header><div class='iconlist_content '  itemprop=\"text\" ><p>Der Garten ist zur Zeit zwar sehr privat, aber noch teilweise einsehbar. Spielen im Garten ist daher noch nicht m\u00f6glich (Stand: 8.11.2016). Nacktheit im Garten ist kein Problem.<\/p>\n<\/div><\/div><footer class=\"entry-footer\"><\/footer><\/article><div class=\"iconlist-timeline\"><\/div><\/li>\n<li><div class='iconlist_icon av-av_iconlist_item-8e35d69febfed5a5837ec92413867907 avia-font-entypo-fontello avia-iconfont avia-font-entypo-fontello'><span class='av-icon-char' data-av_icon='\ue8ec' data-av_iconfont='entypo-fontello' aria-hidden=\"true\"><\/span><\/div><article class=\"article-icon-entry \"  itemscope=\"itemscope\" itemtype=\"https:\/\/schema.org\/CreativeWork\" ><div class=\"iconlist_content_wrap\"><header class=\"entry-content-header\" aria-label=\"Icon: Sind Haustiere erlaubt?\"><h4 class='av_iconlist_title iconlist_title  '  itemprop=\"headline\" >Sind Haustiere erlaubt?<\/h4><\/header><div class='iconlist_content '  itemprop=\"text\" ><p>Ja.<\/p>\n<\/div><\/div><footer class=\"entry-footer\"><\/footer><\/article><div class=\"iconlist-timeline\"><\/div><\/li>\n<li><div class='iconlist_icon av-av_iconlist_item-dddcf56b7f745e4b6d676b766db0003c avia-font-entypo-fontello avia-iconfont avia-font-entypo-fontello'><span class='av-icon-char' data-av_icon='\ue8de' data-av_iconfont='entypo-fontello' aria-hidden=\"true\"><\/span><\/div><article class=\"article-icon-entry \"  itemscope=\"itemscope\" itemtype=\"https:\/\/schema.org\/CreativeWork\" ><div class=\"iconlist_content_wrap\"><header class=\"entry-content-header\" aria-label=\"Icon: Wie lange f\u00e4hrt man vom Flughafen?\"><h4 class='av_iconlist_title iconlist_title  '  itemprop=\"headline\" >Wie lange f\u00e4hrt man vom Flughafen?<\/h4><\/header><div class='iconlist_content '  itemprop=\"text\" ><p>Die Fahrt vom Flughafen dauert ca. 40 Minuten.<\/p>\n<\/div><\/div><footer class=\"entry-footer\"><\/footer><\/article><div class=\"iconlist-timeline\"><\/div><\/li>\n<li><div class='iconlist_icon av-av_iconlist_item-9098f8290b975d600ddd455b6d763606 avia-font-entypo-fontello avia-iconfont avia-font-entypo-fontello'><span class='av-icon-char' data-av_icon='\ue8d1' data-av_iconfont='entypo-fontello' aria-hidden=\"true\"><\/span><\/div><article class=\"article-icon-entry \"  itemscope=\"itemscope\" itemtype=\"https:\/\/schema.org\/CreativeWork\" ><div class=\"iconlist_content_wrap\"><header class=\"entry-content-header\" aria-label=\"Icon: Gibt es im Haus...\"><h4 class='av_iconlist_title iconlist_title  '  itemprop=\"headline\" >Gibt es im Haus...<\/h4><\/header><div class='iconlist_content '  itemprop=\"text\" ><p>Handt\u00fccher: Ja<br \/>\nF\u00f6hn: Ja<br \/>\nSalz &#038; Pfeffer: Ja<\/p>\n<\/div><\/div><footer class=\"entry-footer\"><\/footer><\/article><div class=\"iconlist-timeline\"><\/div><\/li>\n<li><div class='iconlist_icon av-av_iconlist_item-940b4b5043bfe3dbca559c2ce974063b avia-font-entypo-fontello avia-iconfont avia-font-entypo-fontello'><span class='av-icon-char' data-av_icon='\ue8d2' data-av_iconfont='entypo-fontello' aria-hidden=\"true\"><\/span><\/div><article class=\"article-icon-entry \"  itemscope=\"itemscope\" itemtype=\"https:\/\/schema.org\/CreativeWork\" ><div class=\"iconlist_content_wrap\"><header class=\"entry-content-header\" aria-label=\"Icon: L\u00e4rm\"><h4 class='av_iconlist_title iconlist_title  '  itemprop=\"headline\" >L\u00e4rm<\/h4><\/header><div class='iconlist_content '  itemprop=\"text\" ><p>Maria de la Salut ist ein kleines Dorf weit abseits vom Massentourismus.\u00a0 Unser Haus liegt am Stadtrand in einer Seitenstrasse, es gibt keine L\u00e4rmbel\u00e4stigung durch Autos oder Industrie. In der l\u00e4ndlichen Nachbarschaft gibt es allerdings Hunde, Katzen und H\u00fchner die sich auch zu unchristlichen Zeiten bemerkbar machen k\u00f6nnen.<\/p>\n<\/div><\/div><footer class=\"entry-footer\"><\/footer><\/article><div class=\"iconlist-timeline\"><\/div><\/li>\n<\/ul><\/div>\n<section  class='av_textblock_section av-jpcpdybp-95014bcc602b746c8465667104185a27 '   itemscope=\"itemscope\" itemtype=\"https:\/\/schema.org\/CreativeWork\" ><div class='avia_textblock'  itemprop=\"text\" ><p>Weitere Fragen?<\/p>\n<script type=\"text\/javascript\">\n\/* <![CDATA[ *\/\nvar gform;gform||(document.addEventListener(\"gform_main_scripts_loaded\",function(){gform.scriptsLoaded=!0}),document.addEventListener(\"gform\/theme\/scripts_loaded\",function(){gform.themeScriptsLoaded=!0}),window.addEventListener(\"DOMContentLoaded\",function(){gform.domLoaded=!0}),gform={domLoaded:!1,scriptsLoaded:!1,themeScriptsLoaded:!1,isFormEditor:()=>\"function\"==typeof InitializeEditor,callIfLoaded:function(o){return!(!gform.domLoaded||!gform.scriptsLoaded||!gform.themeScriptsLoaded&&!gform.isFormEditor()||(gform.isFormEditor()&&console.warn(\"The use of gform.initializeOnLoaded() is deprecated in the form editor context and will be removed in Gravity Forms 3.1.\"),o(),0))},initializeOnLoaded:function(o){gform.callIfLoaded(o)||(document.addEventListener(\"gform_main_scripts_loaded\",()=>{gform.scriptsLoaded=!0,gform.callIfLoaded(o)}),document.addEventListener(\"gform\/theme\/scripts_loaded\",()=>{gform.themeScriptsLoaded=!0,gform.callIfLoaded(o)}),window.addEventListener(\"DOMContentLoaded\",()=>{gform.domLoaded=!0,gform.callIfLoaded(o)}))},hooks:{action:{},filter:{}},addAction:function(o,r,e,t){gform.addHook(\"action\",o,r,e,t)},addFilter:function(o,r,e,t){gform.addHook(\"filter\",o,r,e,t)},doAction:function(o){gform.doHook(\"action\",o,arguments)},applyFilters:function(o){return gform.doHook(\"filter\",o,arguments)},removeAction:function(o,r){gform.removeHook(\"action\",o,r)},removeFilter:function(o,r,e){gform.removeHook(\"filter\",o,r,e)},addHook:function(o,r,e,t,n){null==gform.hooks[o][r]&&(gform.hooks[o][r]=[]);var d=gform.hooks[o][r];null==n&&(n=r+\"_\"+d.length),gform.hooks[o][r].push({tag:n,callable:e,priority:t=null==t?10:t})},doHook:function(r,o,e){var t;if(e=Array.prototype.slice.call(e,1),null!=gform.hooks[r][o]&&((o=gform.hooks[r][o]).sort(function(o,r){return o.priority-r.priority}),o.forEach(function(o){\"function\"!=typeof(t=o.callable)&&(t=window[t]),\"action\"==r?t.apply(null,e):e[0]=t.apply(null,e)})),\"filter\"==r)return e[0]},removeHook:function(o,r,t,n){var e;null!=gform.hooks[o][r]&&(e=(e=gform.hooks[o][r]).filter(function(o,r,e){return!!(null!=n&&n!=o.tag||null!=t&&t!=o.priority)}),gform.hooks[o][r]=e)}});\n\/* ]]> *\/\n<\/script>\n\n                <div class='gf_browser_gecko gform_wrapper gravity-theme gform-theme--no-framework' data-form-theme='gravity-theme' data-form-index='0' id='gform_wrapper_7' ><div id='gf_7' class='gform_anchor' tabindex='-1'><\/div>\n                        <div class='gform_heading'>\n\t\t\t\t\t\t\t<p class='gform_required_legend'>\u201e<span class=\"gfield_required gfield_required_asterisk\">*<\/span>\u201c zeigt erforderliche Felder an<\/p>\n                        <\/div><form method='post' enctype='multipart\/form-data' target='gform_ajax_frame_7' id='gform_7'  action='\/de\/wp-json\/wp\/v2\/pages\/972#gf_7' data-formid='7' novalidate>\n                        <div class='gform-body gform_body'><div id='gform_fields_7' class='gform_fields top_label form_sublabel_below description_below validation_below'><div id=\"field_7_5\" class=\"gfield gfield--type-honeypot gform_validation_container field_sublabel_below gfield--has-description field_description_below field_validation_below gfield_visibility_visible\"  ><label class='gfield_label gform-field-label' for='input_7_5'>Instagram<\/label><div class='ginput_container'><input name='input_5' id='input_7_5' type='text' value='' autocomplete='new-password'\/><\/div><div class='gfield_description' id='gfield_description_7_5'>Dieses Feld dient zur Validierung und sollte nicht ver\u00e4ndert werden.<\/div><\/div><div id=\"field_7_1\" class=\"gfield gfield--type-text gfield_contains_required field_sublabel_below gfield--no-description field_description_below field_validation_below gfield_visibility_visible\"  ><label class='gfield_label gform-field-label' for='input_7_1'>Ihr Name<span class=\"gfield_required\"><span class=\"gfield_required gfield_required_asterisk\">*<\/span><\/span><\/label><div class='ginput_container ginput_container_text'><input name='input_1' id='input_7_1' type='text' value='' class='medium'     aria-required=\"true\" aria-invalid=\"false\"   \/><\/div><\/div><div id=\"field_7_2\" class=\"gfield gfield--type-email gfield_contains_required field_sublabel_below gfield--no-description field_description_below field_validation_below gfield_visibility_visible\"  ><label class='gfield_label gform-field-label' for='input_7_2'>E-Mail<span class=\"gfield_required\"><span class=\"gfield_required gfield_required_asterisk\">*<\/span><\/span><\/label><div class='ginput_container ginput_container_email'>\n                            <input name='input_2' id='input_7_2' type='email' value='' class='medium'    aria-required=\"true\" aria-invalid=\"false\"  \/>\n                        <\/div><\/div><div id=\"field_7_3\" class=\"gfield gfield--type-textarea gfield_contains_required field_sublabel_below gfield--no-description field_description_below field_validation_below gfield_visibility_visible\"  ><label class='gfield_label gform-field-label' for='input_7_3'>Nachricht<span class=\"gfield_required\"><span class=\"gfield_required gfield_required_asterisk\">*<\/span><\/span><\/label><div class='ginput_container ginput_container_textarea'><textarea name='input_3' id='input_7_3' class='textarea medium'     aria-required=\"true\" aria-invalid=\"false\"   rows='10' cols='50'><\/textarea><\/div><\/div><div id=\"field_7_4\" class=\"gfield gfield--type-captcha gfield--width-full field_sublabel_below gfield--no-description field_description_below hidden_label field_validation_below gfield_visibility_visible\"  ><label class='gfield_label gform-field-label' for='input_7_4'>Captcha<\/label><div id='input_7_4' class='ginput_container ginput_recaptcha' data-sitekey='6LfLKeIeAAAAAPhNPOLfQat9g-rpZtLpHhamVJUa'  data-theme='light' data-tabindex='-1' data-size='invisible' data-badge='bottomright'><\/div><\/div><\/div><\/div>\n        <div class='gform-footer gform_footer top_label'> <input type='submit' id='gform_submit_button_7' class='gform_button button' onclick='gform.submission.handleButtonClick(this);' data-submission-type='submit' value='Absenden'  \/> <input type='hidden' name='gform_ajax' value='form_id=7&amp;title=&amp;description=&amp;tabindex=0&amp;theme=gravity-theme&amp;styles=[]&amp;hash=9a4c007b790744d6d4a7a0fa2daaaa2d' \/>\n            <input type='hidden' class='gform_hidden' name='gform_submission_method' data-js='gform_submission_method_7' value='iframe' \/>\n            <input type='hidden' class='gform_hidden' name='gform_theme' data-js='gform_theme_7' id='gform_theme_7' value='gravity-theme' \/>\n            <input type='hidden' class='gform_hidden' name='gform_style_settings' data-js='gform_style_settings_7' id='gform_style_settings_7' value='[]' \/>\n            <input type='hidden' class='gform_hidden' name='is_submit_7' value='1' \/>\n            <input type='hidden' class='gform_hidden' name='gform_submit' value='7' \/>\n            \n            <input type='hidden' class='gform_hidden' name='gform_currency' data-currency='EUR' value='Y8LQ8k8q4Pc\/8QPisXrlzxWawoSUqm+JoOtbYxltT\/rLmCKzxexA8japb9hQUDdDQAtY82TMwPXtuoJr8AWP8tzz3gOXTHc50FUHJF79gxULtUY=' \/>\n            <input type='hidden' class='gform_hidden' name='gform_unique_id' value='' \/>\n            <input type='hidden' class='gform_hidden' name='state_7' value='WyJbXSIsImU4OGE2YjE1NDY3Y2FmNTEyNmQwYzBlODQzYTVhODUxIl0=' \/>\n            <input type='hidden' autocomplete='off' class='gform_hidden' name='gform_target_page_number_7' id='gform_target_page_number_7' value='0' \/>\n            <input type='hidden' autocomplete='off' class='gform_hidden' name='gform_source_page_number_7' id='gform_source_page_number_7' value='1' \/>\n            <input type='hidden' name='gform_field_values' value='' \/>\n            \n        <\/div>\n                        <\/form>\n                        <\/div>\n\t\t                <iframe style='display:none;width:0px;height:0px;' src='about:blank' name='gform_ajax_frame_7' id='gform_ajax_frame_7' title='Dieser iframe enth\u00e4lt die erforderliche Logik um Gravity Forms Formulare mit AJAX zu handhaben.'><\/iframe>\n\t\t                <script type=\"text\/javascript\">\n\/* <![CDATA[ *\/\n gform.initializeOnLoaded( function() {gformInitSpinner( 7, 'https:\/\/hdden.net\/wp-content\/plugins\/gravityforms\/images\/spinner.svg', true );jQuery('#gform_ajax_frame_7').on('load',function(){var contents = jQuery(this).contents().find('*').html();var is_postback = contents.indexOf('GF_AJAX_POSTBACK') >= 0;if(!is_postback){return;}var form_content = jQuery(this).contents().find('#gform_wrapper_7');var is_confirmation = jQuery(this).contents().find('#gform_confirmation_wrapper_7').length > 0;var is_redirect = contents.indexOf('gformRedirect(){') >= 0;var is_form = form_content.length > 0 && ! is_redirect && ! is_confirmation;var mt = parseInt(jQuery('html').css('margin-top'), 10) + parseInt(jQuery('body').css('margin-top'), 10) + 100;if(is_form){jQuery('#gform_wrapper_7').html(form_content.html());if(form_content.hasClass('gform_validation_error')){jQuery('#gform_wrapper_7').addClass('gform_validation_error');} else {jQuery('#gform_wrapper_7').removeClass('gform_validation_error');}setTimeout( function() { \/* delay the scroll by 50 milliseconds to fix a bug in chrome *\/ jQuery(document).scrollTop(jQuery('#gform_wrapper_7').offset().top - mt); }, 50 );if(window['gformInitDatepicker']) {gformInitDatepicker();}if(window['gformInitPriceFields']) {gformInitPriceFields();}var current_page = jQuery('#gform_source_page_number_7').val();gformInitSpinner( 7, 'https:\/\/hdden.net\/wp-content\/plugins\/gravityforms\/images\/spinner.svg', true );jQuery(document).trigger('gform_page_loaded', [7, current_page]);window['gf_submitting_7'] = false;}else if(!is_redirect){var confirmation_content = jQuery(this).contents().find('.GF_AJAX_POSTBACK').html();if(!confirmation_content){confirmation_content = contents;}jQuery('#gform_wrapper_7').replaceWith(confirmation_content);jQuery(document).scrollTop(jQuery('#gf_7').offset().top - mt);jQuery(document).trigger('gform_confirmation_loaded', [7]);window['gf_submitting_7'] = false;wp.a11y.speak(jQuery('#gform_confirmation_message_7').text());}else{jQuery('#gform_7').append(contents);if(window['gformRedirect']) {gformRedirect();}}jQuery(document).trigger(\"gform_pre_post_render\", [{ formId: \"7\", currentPage: \"current_page\", abort: function() { this.preventDefault(); } }]);        if (event && event.defaultPrevented) {                return;        }        const gformWrapperDiv = document.getElementById( \"gform_wrapper_7\" );        if ( gformWrapperDiv ) {            const visibilitySpan = document.createElement( \"span\" );            visibilitySpan.id = \"gform_visibility_test_7\";            gformWrapperDiv.insertAdjacentElement( \"afterend\", visibilitySpan );        }        const visibilityTestDiv = document.getElementById( \"gform_visibility_test_7\" );        let postRenderFired = false;        function triggerPostRender() {            if ( postRenderFired ) {                return;            }            postRenderFired = true;            gform.core.triggerPostRenderEvents( 7, current_page );            if ( visibilityTestDiv ) {                visibilityTestDiv.parentNode.removeChild( visibilityTestDiv );            }        }        function debounce( func, wait, immediate ) {            var timeout;            return function() {                var context = this, args = arguments;                var later = function() {                    timeout = null;                    if ( !immediate ) func.apply( context, args );                };                var callNow = immediate && !timeout;                clearTimeout( timeout );                timeout = setTimeout( later, wait );                if ( callNow ) func.apply( context, args );            };        }        const debouncedTriggerPostRender = debounce( function() {            triggerPostRender();        }, 200 );        if ( visibilityTestDiv && visibilityTestDiv.offsetParent === null ) {            const observer = new MutationObserver( ( mutations ) => {                mutations.forEach( ( mutation ) => {                    if ( mutation.type === 'attributes' && visibilityTestDiv.offsetParent !== null ) {                        debouncedTriggerPostRender();                        observer.disconnect();                    }                });            });            observer.observe( document.body, {                attributes: true,                childList: false,                subtree: true,                attributeFilter: [ 'style', 'class' ],            });        } else {            triggerPostRender();        }    } );} ); \n\/* ]]> *\/\n<\/script>\n\n<\/div><\/section>\n","protected":false},"excerpt":{"rendered":"","protected":false},"author":1,"featured_media":0,"parent":0,"menu_order":0,"comment_status":"closed","ping_status":"closed","template":"","meta":{"footnotes":""},"class_list":["post-972","page","type-page","status-publish","hentry"],"_links":{"self":[{"href":"https:\/\/hdden.net\/de\/wp-json\/wp\/v2\/pages\/972","targetHints":{"allow":["GET"]}}],"collection":[{"href":"https:\/\/hdden.net\/de\/wp-json\/wp\/v2\/pages"}],"about":[{"href":"https:\/\/hdden.net\/de\/wp-json\/wp\/v2\/types\/page"}],"author":[{"embeddable":true,"href":"https:\/\/hdden.net\/de\/wp-json\/wp\/v2\/users\/1"}],"replies":[{"embeddable":true,"href":"https:\/\/hdden.net\/de\/wp-json\/wp\/v2\/comments?post=972"}],"version-history":[{"count":17,"href":"https:\/\/hdden.net\/de\/wp-json\/wp\/v2\/pages\/972\/revisions"}],"predecessor-version":[{"id":2977,"href":"https:\/\/hdden.net\/de\/wp-json\/wp\/v2\/pages\/972\/revisions\/2977"}],"wp:attachment":[{"href":"https:\/\/hdden.net\/de\/wp-json\/wp\/v2\/media?parent=972"}],"curies":[{"name":"wp","href":"https:\/\/api.w.org\/{rel}","templated":true}]}}