{"id":1030,"date":"2016-11-28T20:56:58","date_gmt":"2016-11-28T20:56:58","guid":{"rendered":"https:\/\/hdden.net\/de\/?page_id=1030"},"modified":"2022-05-26T22:18:38","modified_gmt":"2022-05-26T22:18:38","slug":"agb","status":"publish","type":"page","link":"https:\/\/hdden.net\/de\/agb\/","title":{"rendered":"AGB"},"content":{"rendered":"<p>Wir legen Wert auf Werte wie Toleranz, Transparenz, Offenheit und Ehrlichkeit. Gleichzeitig sind uns Diskretion und Vertrauen wichtig.\u00a0Daher gibt es auch ein paar Regeln, f\u00fcr die wir Sie sensibilisieren m\u00f6chten.<\/p>\n<p><strong>Sicherheit<\/strong><br \/>\nDie Ausstattung ist bis zu einem K\u00f6rpergewicht von 120kg ausgelegt. F\u00fcr Sch\u00e4den, die auf ein h\u00f6heres Gewicht zur\u00fcck zu f\u00fchren sind, haftet der Gast.<\/p>\n<p><strong>Diskretion<\/strong><br \/>\nDa wir um Diskretion f\u00fcr unsere Anwohner und auch f\u00fcr sp\u00e4tere G\u00e4ste bem\u00fcht sind, betreten und verlassen Sie das Apartment stets nur in &#8222;zivil&#8220;. Vielen Dank daf\u00fcr.<\/p>\n<p><strong>Anmeldung \/ G\u00e4ste <\/strong><br \/>\nAlle G\u00e4ste einer Ferienwohnung oder eines Ferienhauses in Spanien m\u00fcssen innerhalb von 24 Stunden nach Ankunft polizeilich gemeldet werden. Es drohen hohe Strafen bei Missachtung. Beim Check-In muss ein entsprechendes Meldeformular ausgef\u00fcllt werden. Wir selbst verarbeiten diese Daten nicht elektronisch.<\/p>\n<p>G\u00e4stewechsel, Mehrpersonen und Besuch (auch nicht tempor\u00e4r) im Apartment sind nicht gestattet. Unangemeldete G\u00e4ste (egal ob &#8222;nur&#8220; zum Besuch, zum &#8222;nur-mal-Schauen&#8220; oder zur \u00dcbernachtung) werden pro Kalender-Tag mit 100\u20ac berechnet.<\/p>\n<p><strong>Praktiken<\/strong><br \/>\nSicherheit und Hygiene haben bei uns und f\u00fcr unsere n\u00e4chsten G\u00e4ste einen sehr hohen Stellenwert. Bitte beachten Sie das Wetplay\/Natursekt (Urin), Koprophilie\/bekannt als Scat oder Kaviar und Personen unter 18 Jahren nicht erlaubt sind. Die jeweilige Nichtbeachtung wird mit 200 \u20ac berechnet und ist nicht verhandelbar!<\/p>\n<p><strong>Fotos \/ Videoaufnahmen \/ Events<\/strong><br \/>\nDas Ferienhaus wird ausschlie\u00dflich f\u00fcr private Zwecke vermietet, die kommerzielle Nutzung jeglicher Art ist nicht gestattet. Fotos und Filme f\u00fcr Ihre privaten Zwecke sind nat\u00fcrlich m\u00f6glich. Wenn Sie Ihre privaten Fotos und Filme ver\u00f6ffentlichen w\u00fcrden wir uns \u00fcber die Erw\u00e4hnung von Hdden Mallorca oder Verlinkung unserer Webseite sehr freuen. Gewerbliche Aufnahmen sind ausschlie\u00dflich nach Absprache mit uns m\u00f6glich.<\/p>\n<p><strong>Check-In<\/strong><br \/>\nCheck-In ist ab 18:00 am Anreisetag m\u00f6glich. Wir sind kein Hotelbetrieb mit einer dauerhaft besetzten Rezeption und m\u00fcssen uns daher auf eine Uhrzeit einigen. Eine \u00c4nderung dieser Uhrzeit erzeugt einigen Mehraufwand und ist daher erst nach Best\u00e4tigung durch uns m\u00f6glich (siehe auch der Punkt &#8222;Check-Out \/ Reinigung&#8220;). Wir sprechen die Uhrzeit vor Ihrer Anreise mit Ihnen per Email ab und kl\u00e4ren auch ob evtl. an Ihren Reisetagen ein fr\u00fcherer Check-In oder sp\u00e4ter Check-Out m\u00f6glich ist.<\/p>\n<p><strong>Check-Out \/ Reinigung<\/strong><br \/>\nCheck-Out Zeit ist sp\u00e4testens 12:00 Uhr. Die selbstverst\u00e4ndliche gr\u00fcndliche Reinigung erfordert, dass ein late Check-out sowie ein early Check-in nur nach M\u00f6glichkeit und nur nach vorheriger Absprache mit uns m\u00f6glich sind. Bitte ber\u00fccksichtigen Sie dieses bei der Planung Ihrer An- und Abreise. Aus dem gleichen Grund k\u00f6nnen wir dieses nicht schon w\u00e4hrend einer Buchung zusagen sondern bei Bedarf fr\u00fchestens am Vortag der Anreise dazu eine Aussage machen<strong>.<\/strong><\/p>\n<p><strong>Reservierung \/ Zahlung<\/strong><br \/>\nSie k\u00f6nnen Ihren Aufenthalt komfortabel \u00fcber unsere Webseite <a href=\"https:\/\/hdden.net\/de\/reservierung\/\">reservieren<\/a> und direkt per Kreditkarte bezahlen. Falls Sie per \u00dcberweisung oder bar zahlen m\u00f6chten kontaktieren Sie uns bitte \u00fcber das Kontaktformular.<\/p>\n<p><strong>Kaution<\/strong><br \/>\nDie Kaution betr\u00e4gt 600 Euro und ist per Kreditkarte bei der Reservierung oder bei Schl\u00fcssel\u00fcbergabe bar zu bezahlen. Die Kaution wird am Tage des Check-Outs auf gleichem Wege zur\u00fcckerstattet.<\/p>\n<p><strong>Stornierungen<\/strong><br \/>\nIn dem ungl\u00fccklichen Fall, dass Sie Ihren Aufenthalt stornieren m\u00fcssen, beachten Sie bitte, dass die folgenden Stornogeb\u00fchren gelten:<\/p>\n<p>Fr\u00fcher als 3 Monate vor der Anreise: 0% Stornogeb\u00fchr, danach 100% Stornogeb\u00fchr.<\/p>\n<p>Manchmal ist man beim Reisen auch schlicht verhindert oder fremdbestimmt und muss eine gebuchte Reise absagen\/stornieren. Im Falle von Krankheit ist da eine Reiser\u00fccktrittsversicherung von Vorteil. Um die Stornokosten abzudecken, gibt es u. a. im Internet eine Vielzahl von g\u00fcnstigen Angeboten zum Thema Reiser\u00fccktrittsversicherung. Wir empfehlen, eine solche Reiser\u00fccktrittversicherung abzuschlie\u00dfen.<\/p>\n<p>Die Stornierung muss schriftlich und von der Emailadresse aus erfolgen, an die auch die Buchungsbest\u00e4tigung ging. Bitte schicken Sie eine E-Mail an info@hdden.net, dazu bitte den Namen und den Buchungszeitraum angeben. Wir (Gastgeber) behalten uns f\u00fcr jede Buchung ein besonderes Sonderstornierungsrecht einer bestehenden Buchung vor. Daf\u00fcr m\u00fcssen im Einzelfall besondere Gr\u00fcnde (z. B. ein Wasser- oder Feuerschaden, die Beendigung des Gesch\u00e4ftsbetriebs oder vom Gastgeber nicht zu vertretende Gr\u00fcnde) vorliegen. In diesem besonderen Fall erh\u00e4lt der Gast seine f\u00fcr die stornierte Buchung gezahlten Betr\u00e4ge selbstverst\u00e4ndlich vollst\u00e4ndig zur\u00fcck.<\/p>\n","protected":false},"excerpt":{"rendered":"<p>Wir legen Wert auf Werte wie Toleranz, Transparenz, Offenheit und Ehrlichkeit. Gleichzeitig sind uns Diskretion und Vertrauen wichtig.\u00a0Daher gibt es auch ein paar Regeln, f\u00fcr die wir Sie sensibilisieren m\u00f6chten. Sicherheit Die Ausstattung ist bis zu einem K\u00f6rpergewicht von 120kg ausgelegt. F\u00fcr Sch\u00e4den, die auf ein h\u00f6heres Gewicht zur\u00fcck zu f\u00fchren sind, haftet der Gast. [&hellip;]<\/p>\n","protected":false},"author":1,"featured_media":0,"parent":0,"menu_order":0,"comment_status":"closed","ping_status":"closed","template":"","meta":{"footnotes":""},"class_list":["post-1030","page","type-page","status-publish","hentry"],"_links":{"self":[{"href":"https:\/\/hdden.net\/de\/wp-json\/wp\/v2\/pages\/1030","targetHints":{"allow":["GET"]}}],"collection":[{"href":"https:\/\/hdden.net\/de\/wp-json\/wp\/v2\/pages"}],"about":[{"href":"https:\/\/hdden.net\/de\/wp-json\/wp\/v2\/types\/page"}],"author":[{"embeddable":true,"href":"https:\/\/hdden.net\/de\/wp-json\/wp\/v2\/users\/1"}],"replies":[{"embeddable":true,"href":"https:\/\/hdden.net\/de\/wp-json\/wp\/v2\/comments?post=1030"}],"version-history":[{"count":17,"href":"https:\/\/hdden.net\/de\/wp-json\/wp\/v2\/pages\/1030\/revisions"}],"predecessor-version":[{"id":2693,"href":"https:\/\/hdden.net\/de\/wp-json\/wp\/v2\/pages\/1030\/revisions\/2693"}],"wp:attachment":[{"href":"https:\/\/hdden.net\/de\/wp-json\/wp\/v2\/media?parent=1030"}],"curies":[{"name":"wp","href":"https:\/\/api.w.org\/{rel}","templated":true}]}}